{"id":10027900,"date":"2020-10-09T16:59:26","date_gmt":"2020-10-09T19:59:26","guid":{"rendered":"https:\/\/demonstre.com\/jogos\/?page_id=10027900"},"modified":"2020-10-21T13:11:34","modified_gmt":"2020-10-21T16:11:34","slug":"sobre","status":"publish","type":"page","link":"https:\/\/demonstre.com\/jogos\/sobre\/","title":{"rendered":"Jogos + RPG"},"content":{"rendered":"\n<p>O mundo dos jogos \u00e9 extremamente vasto e repleto de novidades, assim como not\u00edcias sobre todos, mas este site tem a fun\u00e7\u00e3o de te atualizar de todos, assim como trazer artigos sobre jogos que voc\u00ea com certeza vai obter uma afinidade dependendo do g\u00eanero que curte!<\/p>\n\n\n\n<p>Veja mais sobre jogos que ningu\u00e9m esperava nada e ainda sim surpreenderam, os melhores consoles, os protagonistas que s\u00e3o reis do ramo, as v\u00e1rias curiosidade do mundo dos jogos e muito mais. Voc\u00ea deseja jogar um jogo?<\/p>\n","protected":false},"excerpt":{"rendered":"<p>O mundo dos jogos \u00e9 extremamente vasto e repleto de novidades, assim como not\u00edcias sobre todos, mas este site tem a fun\u00e7\u00e3o de te atualizar de todos, assim como trazer artigos sobre jogos que voc\u00ea com certeza vai obter uma afinidade dependendo do g\u00eanero que curte! Veja mais sobre jogos que ningu\u00e9m esperava nada e&hellip; <a class=\"more-link\" href=\"https:\/\/demonstre.com\/jogos\/sobre\/\">Continuar lendo <span class=\"screen-reader-text\">Jogos + RPG<\/span><\/a><\/p>\n","protected":false},"author":1,"featured_media":0,"parent":0,"menu_order":0,"comment_status":"closed","ping_status":"closed","template":"","meta":{"_mi_skip_tracking":false,"_monsterinsights_sitenote_active":false,"_monsterinsights_sitenote_note":"","_monsterinsights_sitenote_category":0,"footnotes":""},"class_list":["post-10027900","page","type-page","status-publish","hentry","entry"],"_links":{"self":[{"href":"https:\/\/demonstre.com\/jogos\/wp-json\/wp\/v2\/pages\/10027900","targetHints":{"allow":["GET"]}}],"collection":[{"href":"https:\/\/demonstre.com\/jogos\/wp-json\/wp\/v2\/pages"}],"about":[{"href":"https:\/\/demonstre.com\/jogos\/wp-json\/wp\/v2\/types\/page"}],"author":[{"embeddable":true,"href":"https:\/\/demonstre.com\/jogos\/wp-json\/wp\/v2\/users\/1"}],"replies":[{"embeddable":true,"href":"https:\/\/demonstre.com\/jogos\/wp-json\/wp\/v2\/comments?post=10027900"}],"version-history":[{"count":2,"href":"https:\/\/demonstre.com\/jogos\/wp-json\/wp\/v2\/pages\/10027900\/revisions"}],"predecessor-version":[{"id":10028148,"href":"https:\/\/demonstre.com\/jogos\/wp-json\/wp\/v2\/pages\/10027900\/revisions\/10028148"}],"wp:attachment":[{"href":"https:\/\/demonstre.com\/jogos\/wp-json\/wp\/v2\/media?parent=10027900"}],"curies":[{"name":"wp","href":"https:\/\/api.w.org\/{rel}","templated":true}]}}